{"id":2,"date":"2025-09-17T15:03:49","date_gmt":"2025-09-17T15:03:49","guid":{"rendered":"http:\/\/hg.cambia-marketing.it\/?page_id=2"},"modified":"2026-01-20T11:21:35","modified_gmt":"2026-01-20T11:21:35","slug":"home","status":"publish","type":"page","link":"https:\/\/hotelabetone.italianhotelgroup.it\/en\/","title":{"rendered":"Home"},"content":{"rendered":"<div data-elementor-type=\"wp-page\" data-elementor-id=\"2\" class=\"elementor elementor-2\" data-elementor-post-type=\"page\">\n\t\t\t\t<div class=\"elementor-element elementor-element-e27533c e-con-full header e-flex e-con e-parent\" data-id=\"e27533c\" data-element_type=\"container\" data-settings=\"{&quot;background_background&quot;:&quot;classic&quot;,&quot;sticky&quot;:&quot;top&quot;,&quot;sticky_effects_offset&quot;:20,&quot;sticky_on&quot;:[&quot;desktop&quot;,&quot;tablet&quot;,&quot;mobile&quot;],&quot;sticky_offset&quot;:0,&quot;sticky_anchor_link_offset&quot;:0}\">\n\t\t<div class=\"elementor-element elementor-element-f573d67 e-con-full e-flex e-con e-child\" data-id=\"f573d67\" data-element_type=\"container\" data-settings=\"{&quot;sticky&quot;:&quot;top&quot;,&quot;sticky_on&quot;:[&quot;desktop&quot;,&quot;tablet&quot;,&quot;mobile&quot;],&quot;sticky_offset&quot;:0,&quot;sticky_effects_offset&quot;:0,&quot;sticky_anchor_link_offset&quot;:0}\">\n\t\t<div class=\"elementor-element elementor-element-c77e91a e-con-full e-flex e-con e-child\" data-id=\"c77e91a\" data-element_type=\"container\">\n\t\t\t\t<div class=\"elementor-element elementor-element-4a3d72f elementor-view-default elementor-widget elementor-widget-icon\" data-id=\"4a3d72f\" data-element_type=\"widget\" data-widget_type=\"icon.default\">\n\t\t\t\t\t\t\t<div class=\"elementor-icon-wrapper\">\n\t\t\t<a class=\"elementor-icon\" href=\"#elementor-action%3Aaction%3Dpopup%3Aopen%26settings%3DeyJpZCI6IjI5NjciLCJ0b2dnbGUiOmZhbHNlfQ%3D%3D\">\n\t\t\t<svg xmlns=\"http:\/\/www.w3.org\/2000\/svg\" width=\"37.448\" height=\"16.179\" viewbox=\"0 0 37.448 16.179\"><g transform=\"translate(1 1)\"><line x1=\"31\" fill=\"none\" stroke=\"#fff\" stroke-linecap=\"round\" stroke-width=\"2\"><\/line><line x1=\"30.614\" transform=\"translate(0 14.179)\" fill=\"none\" stroke=\"#fff\" stroke-linecap=\"round\" stroke-width=\"2\"><\/line><line x1=\"25.78\" transform=\"translate(9.668 7.09)\" fill=\"none\" stroke=\"#fff\" stroke-linecap=\"round\" stroke-width=\"2\"><\/line><\/g><\/svg>\t\t\t<\/a>\n\t\t<\/div>\n\t\t\t\t\t\t<\/div>\n\t\t\t\t<div class=\"elementor-element elementor-element-72b1d1a elementor-align-right pulsante elementor-widget elementor-widget-button\" data-id=\"72b1d1a\" data-element_type=\"widget\" data-widget_type=\"button.default\">\n\t\t\t\t\t\t\t\t\t\t<a class=\"elementor-button elementor-button-link elementor-size-sm\" href=\"https:\/\/italianhotelgroup.it\/fidelity\" target=\"_blank\" id=\"pulsante\">\n\t\t\t\t\t\t<span class=\"elementor-button-content-wrapper\">\n\t\t\t\t\t\t\t\t\t<span class=\"elementor-button-text\"><img decoding=\"async\" class=\"stella\" src=\"https:\/\/italianhotelgroup.it\/wp-content\/uploads\/2025\/10\/pencil.svg\" alt=\"Freccia blu\">  Subscribe to HG Traveller<\/span>\n\t\t\t\t\t<\/span>\n\t\t\t\t\t<\/a>\n\t\t\t\t\t\t\t\t<\/div>\n\t\t\t\t<\/div>\n\t\t<div class=\"elementor-element elementor-element-2c86ac9 e-con-full elementor-hidden-mobile e-flex e-con e-child\" data-id=\"2c86ac9\" data-element_type=\"container\">\n\t\t\t\t<div class=\"elementor-element elementor-element-efd945f elementor-nav-menu--dropdown-none elementor-hidden-desktop elementor-hidden-tablet elementor-hidden-mobile elementor-widget elementor-widget-nav-menu\" data-id=\"efd945f\" data-element_type=\"widget\" data-settings=\"{&quot;layout&quot;:&quot;horizontal&quot;,&quot;submenu_icon&quot;:{&quot;value&quot;:&quot;&lt;svg aria-hidden=\\&quot;true\\&quot; class=\\&quot;e-font-icon-svg e-fas-caret-down\\&quot; viewBox=\\&quot;0 0 320 512\\&quot; xmlns=\\&quot;http:\\\/\\\/www.w3.org\\\/2000\\\/svg\\&quot;&gt;&lt;path d=\\&quot;M31.3 192h257.3c17.8 0 26.7 21.5 14.1 34.1L174.1 354.8c-7.8 7.8-20.5 7.8-28.3 0L17.2 226.1C4.6 213.5 13.5 192 31.3 192z\\&quot;&gt;&lt;\\\/path&gt;&lt;\\\/svg&gt;&quot;,&quot;library&quot;:&quot;fa-solid&quot;}}\" data-widget_type=\"nav-menu.default\">\n\t\t\t\t\t\t\t\t<nav aria-label=\"Menu\" class=\"elementor-nav-menu--main elementor-nav-menu__container elementor-nav-menu--layout-horizontal e--pointer-none\">\n\t\t\t\t<ul id=\"menu-1-efd945f\" class=\"elementor-nav-menu\"><li class=\"trp-language-switcher-container trp-menu-ls-item trp-menu-ls-desktop current-language-menu-item menu-item menu-item-type-post_type menu-item-object-language_switcher menu-item-1623\"><a href=\"https:\/\/hotelabetone.italianhotelgroup.it\/en\/wp-json\/wp\/v2\/pages\/2\" class=\"elementor-item elementor-item-anchor\"><span class=\"trp-menu-ls-label\" data-no-translation title=\"English (UK)\"><span class=\"trp-ls-language-name\">English (UK)<\/span><\/span><\/a><\/li>\n<li class=\"trp-language-switcher-container trp-menu-ls-item trp-menu-ls-desktop current-language-menu-item menu-item menu-item-type-post_type menu-item-object-language_switcher menu-item-1624\"><a href=\"https:\/\/hotelabetone.italianhotelgroup.it\/en\/wp-json\/wp\/v2\/pages\/2\" class=\"elementor-item elementor-item-anchor\"><span class=\"trp-menu-ls-label\" data-no-translation title=\"Italiano\"><span class=\"trp-ls-language-name\">Italiano<\/span><\/span><\/a><\/li>\n<\/ul>\t\t\t<\/nav>\n\t\t\t\t\t\t<nav class=\"elementor-nav-menu--dropdown elementor-nav-menu__container\" aria-hidden=\"true\">\n\t\t\t\t<ul id=\"menu-2-efd945f\" class=\"elementor-nav-menu\"><li class=\"trp-language-switcher-container trp-menu-ls-item trp-menu-ls-desktop current-language-menu-item menu-item menu-item-type-post_type menu-item-object-language_switcher menu-item-1623\"><a href=\"https:\/\/hotelabetone.italianhotelgroup.it\/en\/wp-json\/wp\/v2\/pages\/2\" class=\"elementor-item elementor-item-anchor\" tabindex=\"-1\"><span class=\"trp-menu-ls-label\" data-no-translation title=\"English (UK)\"><span class=\"trp-ls-language-name\">English (UK)<\/span><\/span><\/a><\/li>\n<li class=\"trp-language-switcher-container trp-menu-ls-item trp-menu-ls-desktop current-language-menu-item menu-item menu-item-type-post_type menu-item-object-language_switcher menu-item-1624\"><a href=\"https:\/\/hotelabetone.italianhotelgroup.it\/en\/wp-json\/wp\/v2\/pages\/2\" class=\"elementor-item elementor-item-anchor\" tabindex=\"-1\"><span class=\"trp-menu-ls-label\" data-no-translation title=\"Italiano\"><span class=\"trp-ls-language-name\">Italiano<\/span><\/span><\/a><\/li>\n<\/ul>\t\t\t<\/nav>\n\t\t\t\t\t\t<\/div>\n\t\t\t\t<div class=\"elementor-element elementor-element-ad0ad4d elementor-align-right pulsante elementor-widget elementor-widget-button\" data-id=\"ad0ad4d\" data-element_type=\"widget\" data-widget_type=\"button.default\">\n\t\t\t\t\t\t\t\t\t\t<a class=\"elementor-button elementor-button-link elementor-size-sm\" href=\"\/en\/contatti\/#form\" id=\"pulsante\">\n\t\t\t\t\t\t<span class=\"elementor-button-content-wrapper\">\n\t\t\t\t\t\t<span class=\"elementor-button-icon\">\n\t\t\t\t<svg xmlns=\"http:\/\/www.w3.org\/2000\/svg\" width=\"13.043\" height=\"12.209\" viewbox=\"0 0 13.043 12.209\"><g transform=\"translate(-7.25 21.154) rotate(-90)\"><g transform=\"translate(10 8)\"><path d=\"M24,19.543V8\" transform=\"translate(-18.95 -8)\" fill=\"none\" stroke=\"#315442\" stroke-linecap=\"round\" stroke-linejoin=\"round\" stroke-width=\"1.5\"><\/path><path d=\"M10,26l5.05,4.052L20.1,26\" transform=\"translate(-10 -18.509)\" fill=\"none\" stroke=\"#315442\" stroke-linecap=\"round\" stroke-linejoin=\"round\" stroke-width=\"1.5\"><\/path><\/g><\/g><\/svg>\t\t\t<\/span>\n\t\t\t\t\t\t\t\t\t<span class=\"elementor-button-text\">Request a Quote<\/span>\n\t\t\t\t\t<\/span>\n\t\t\t\t\t<\/a>\n\t\t\t\t\t\t\t\t<\/div>\n\t\t\t\t<div class=\"elementor-element elementor-element-2e5bec1 elementor-align-right pulsante elementor-widget elementor-widget-button\" data-id=\"2e5bec1\" data-element_type=\"widget\" data-widget_type=\"button.default\">\n\t\t\t\t\t\t\t\t\t\t<a class=\"elementor-button elementor-button-link elementor-size-sm\" href=\"https:\/\/book.abetonepiramidi.it\/booking-engine\/\" target=\"_blank\" id=\"pulsante\" rel=\"noopener\">\n\t\t\t\t\t\t<span class=\"elementor-button-content-wrapper\">\n\t\t\t\t\t\t<span class=\"elementor-button-icon\">\n\t\t\t\t<svg xmlns=\"http:\/\/www.w3.org\/2000\/svg\" width=\"13.043\" height=\"12.209\" viewbox=\"0 0 13.043 12.209\"><g transform=\"translate(-7.25 21.154) rotate(-90)\"><g transform=\"translate(10 8)\"><path d=\"M24,19.543V8\" transform=\"translate(-18.95 -8)\" fill=\"none\" stroke=\"#315442\" stroke-linecap=\"round\" stroke-linejoin=\"round\" stroke-width=\"1.5\"><\/path><path d=\"M10,26l5.05,4.052L20.1,26\" transform=\"translate(-10 -18.509)\" fill=\"none\" stroke=\"#315442\" stroke-linecap=\"round\" stroke-linejoin=\"round\" stroke-width=\"1.5\"><\/path><\/g><\/g><\/svg>\t\t\t<\/span>\n\t\t\t\t\t\t\t\t\t<span class=\"elementor-button-text\">Book now<\/span>\n\t\t\t\t\t<\/span>\n\t\t\t\t\t<\/a>\n\t\t\t\t\t\t\t\t<\/div>\n\t\t\t\t<\/div>\n\t\t\t\t<\/div>\n\t\t\t\t<\/div>\n\t\t<div class=\"elementor-element elementor-element-23cb4b3 e-con-full elementor-section elementor-hidden-tablet elementor-hidden-mobile e-flex e-con e-parent\" data-id=\"23cb4b3\" data-element_type=\"container\">\n\t\t\t\t<div class=\"elementor-element elementor-element-6409a23 elementor-widget__width-auto elementor-absolute elementor-widget elementor-widget-image\" data-id=\"6409a23\" data-element_type=\"widget\" data-settings=\"{&quot;_position&quot;:&quot;absolute&quot;}\" data-widget_type=\"image.default\">\n\t\t\t\t\t\t\t\t\t\t\t\t\t\t\t<img fetchpriority=\"high\" decoding=\"async\" width=\"756\" height=\"321\" src=\"https:\/\/hotelabetone.italianhotelgroup.it\/wp-content\/uploads\/2025\/10\/LogoBianco_AbetoneResort.svg\" class=\"attachment-large size-large wp-image-3923\" alt=\"Hotel abetone &amp; piramidi resort\" \/>\t\t\t\t\t\t\t\t\t\t\t\t\t\t\t<\/div>\n\t\t<div class=\"make-column-clickable-elementor elementor-element elementor-element-16f89ca e-con-full elementor-column e-flex e-con e-child\" style=\"cursor: pointer;\" data-column-clickable=\"\/estate-inverno\" data-column-clickable-blank=\"_self\" data-id=\"16f89ca\" data-element_type=\"container\" data-settings=\"{&quot;background_background&quot;:&quot;classic&quot;}\">\n\t\t<div class=\"elementor-element elementor-element-986bf3d e-con-full e-flex e-con e-child\" data-id=\"986bf3d\" data-element_type=\"container\" data-settings=\"{&quot;background_background&quot;:&quot;classic&quot;}\">\n\t\t<div class=\"make-column-clickable-elementor elementor-element elementor-element-9236f23 e-con-full e-flex e-con e-child\" style=\"cursor: pointer;\" data-column-clickable=\"https:\/\/hotelabetone.italianhotelgroup.it\/estate-inverno\/\" data-column-clickable-blank=\"_self\" data-id=\"9236f23\" data-element_type=\"container\" data-settings=\"{&quot;background_background&quot;:&quot;classic&quot;}\">\n\t\t\t\t<div class=\"elementor-element elementor-element-9a05014 elementor-hidden-desktop elementor-hidden-tablet elementor-hidden-mobile elementor-widget elementor-widget-heading\" data-id=\"9a05014\" data-element_type=\"widget\" data-widget_type=\"heading.default\">\n\t\t\t\t\t<h1 class=\"elementor-heading-title elementor-size-default\">hotel abetone &amp; piramidi resort<\/h1>\t\t\t\t<\/div>\n\t\t\t\t<div class=\"elementor-element elementor-element-9b22d39 elementor-hidden-desktop elementor-hidden-tablet elementor-hidden-mobile elementor-widget elementor-widget-text-editor\" data-id=\"9b22d39\" data-element_type=\"widget\" data-widget_type=\"text-editor.default\">\n\t\t\t\t\t\t\t\t\t<h3>Hotel abetone &amp; piramidi resort<\/h3>\t\t\t\t\t\t\t\t<\/div>\n\t\t\t\t<div class=\"elementor-element elementor-element-9e340d2 titolo elementor-widget elementor-widget-heading\" data-id=\"9e340d2\" data-element_type=\"widget\" data-widget_type=\"heading.default\">\n\t\t\t\t\t<h2 class=\"elementor-heading-title elementor-size-default\">Winter<\/h2>\t\t\t\t<\/div>\n\t\t\t\t<div class=\"elementor-element elementor-element-5fafe6a elementor-align-center pulsante elementor-widget elementor-widget-button\" data-id=\"5fafe6a\" data-element_type=\"widget\" data-widget_type=\"button.default\">\n\t\t\t\t\t\t\t\t\t\t<a class=\"elementor-button elementor-button-link elementor-size-sm\" href=\"\/en\/estate-inverno\/\">\n\t\t\t\t\t\t<span class=\"elementor-button-content-wrapper\">\n\t\t\t\t\t\t\t\t\t<span class=\"elementor-button-text\">Discover more<\/span>\n\t\t\t\t\t<\/span>\n\t\t\t\t\t<\/a>\n\t\t\t\t\t\t\t\t<\/div>\n\t\t\t\t<\/div>\n\t\t\t\t<\/div>\n\t\t\t\t<\/div>\n\t\t<div class=\"make-column-clickable-elementor elementor-element elementor-element-9aba34b e-con-full elementor-column e-flex e-con e-child\" style=\"cursor: pointer;\" data-column-clickable=\"\/estate\" data-column-clickable-blank=\"_self\" data-id=\"9aba34b\" data-element_type=\"container\">\n\t\t<div class=\"make-column-clickable-elementor elementor-element elementor-element-44dfb90 e-con-full elementor-column e-flex e-con e-child\" style=\"cursor: pointer;\" data-column-clickable=\"https:\/\/hotelabetone.italianhotelgroup.it\/estate-inverno\/?season=summer\" data-column-clickable-blank=\"_self\" data-id=\"44dfb90\" data-element_type=\"container\" data-settings=\"{&quot;background_background&quot;:&quot;classic&quot;}\">\n\t\t<div class=\"elementor-element elementor-element-e9e2066 e-con-full e-flex e-con e-child\" data-id=\"e9e2066\" data-element_type=\"container\" data-settings=\"{&quot;background_background&quot;:&quot;classic&quot;}\">\n\t\t\t\t<div class=\"elementor-element elementor-element-8ec3f64 elementor-widget elementor-widget-heading\" data-id=\"8ec3f64\" data-element_type=\"widget\" data-widget_type=\"heading.default\">\n\t\t\t\t\t<h2 class=\"elementor-heading-title elementor-size-default\">Summer<\/h2>\t\t\t\t<\/div>\n\t\t\t\t<div class=\"elementor-element elementor-element-01ad60c elementor-align-center elementor-widget elementor-widget-button\" data-id=\"01ad60c\" data-element_type=\"widget\" data-widget_type=\"button.default\">\n\t\t\t\t\t\t\t\t\t\t<a class=\"elementor-button elementor-button-link elementor-size-sm\" href=\"\/en\/estate-inverno\/?season=summer\">\n\t\t\t\t\t\t<span class=\"elementor-button-content-wrapper\">\n\t\t\t\t\t\t\t\t\t<span class=\"elementor-button-text\">Discover more<\/span>\n\t\t\t\t\t<\/span>\n\t\t\t\t\t<\/a>\n\t\t\t\t\t\t\t\t<\/div>\n\t\t\t\t<\/div>\n\t\t\t\t<\/div>\n\t\t\t\t<\/div>\n\t\t\t\t<\/div>\n\t\t<div class=\"elementor-element elementor-element-f817364 e-con-full elementor-section elementor-hidden-desktop e-flex e-con e-parent\" data-id=\"f817364\" data-element_type=\"container\">\n\t\t\t\t<div class=\"elementor-element elementor-element-7542264 elementor-widget__width-auto elementor-absolute elementor-widget elementor-widget-image\" data-id=\"7542264\" data-element_type=\"widget\" data-settings=\"{&quot;_position&quot;:&quot;absolute&quot;}\" data-widget_type=\"image.default\">\n\t\t\t\t\t\t\t\t\t\t\t\t\t\t\t<img fetchpriority=\"high\" decoding=\"async\" width=\"756\" height=\"321\" src=\"https:\/\/hotelabetone.italianhotelgroup.it\/wp-content\/uploads\/2025\/10\/LogoBianco_AbetoneResort.svg\" class=\"attachment-large size-large wp-image-3923\" alt=\"Hotel abetone &amp; piramidi resort\" \/>\t\t\t\t\t\t\t\t\t\t\t\t\t\t\t<\/div>\n\t\t<div class=\"elementor-element elementor-element-9da0d02 e-con-full e-flex e-con e-child\" data-id=\"9da0d02\" data-element_type=\"container\">\n\t\t<div class=\"elementor-element elementor-element-0c5aebc e-con-full e-flex e-con e-child\" data-id=\"0c5aebc\" data-element_type=\"container\" data-settings=\"{&quot;background_background&quot;:&quot;classic&quot;}\">\n\t\t<div class=\"elementor-element elementor-element-c37b44a e-con-full cornice e-flex e-con e-child\" data-id=\"c37b44a\" data-element_type=\"container\" data-settings=\"{&quot;background_background&quot;:&quot;classic&quot;}\">\n\t\t\t\t<div class=\"elementor-element elementor-element-4f8dcd0 elementor-widget elementor-widget-heading\" data-id=\"4f8dcd0\" data-element_type=\"widget\" data-widget_type=\"heading.default\">\n\t\t\t\t\t<h2 class=\"elementor-heading-title elementor-size-default\">Winter<\/h2>\t\t\t\t<\/div>\n\t\t\t\t<div class=\"elementor-element elementor-element-1e01772 elementor-align-center elementor-widget elementor-widget-button\" data-id=\"1e01772\" data-element_type=\"widget\" data-widget_type=\"button.default\">\n\t\t\t\t\t\t\t\t\t\t<a class=\"elementor-button elementor-button-link elementor-size-sm\" href=\"\/en\/estate-inverno\/?season=winter\">\n\t\t\t\t\t\t<span class=\"elementor-button-content-wrapper\">\n\t\t\t\t\t\t<span class=\"elementor-button-icon\">\n\t\t\t\t<svg xmlns=\"http:\/\/www.w3.org\/2000\/svg\" width=\"13.043\" height=\"12.209\" viewbox=\"0 0 13.043 12.209\"><g transform=\"translate(-7.25 21.154) rotate(-90)\"><g transform=\"translate(10 8)\"><path d=\"M24,19.543V8\" transform=\"translate(-18.95 -8)\" fill=\"none\" stroke=\"#fff\" stroke-linecap=\"round\" stroke-linejoin=\"round\" stroke-width=\"1.5\"><\/path><path d=\"M10,26l5.05,4.052L20.1,26\" transform=\"translate(-10 -18.509)\" fill=\"none\" stroke=\"#fff\" stroke-linecap=\"round\" stroke-linejoin=\"round\" stroke-width=\"1.5\"><\/path><\/g><\/g><\/svg>\t\t\t<\/span>\n\t\t\t\t\t\t\t\t\t<span class=\"elementor-button-text\">Discover more<\/span>\n\t\t\t\t\t<\/span>\n\t\t\t\t\t<\/a>\n\t\t\t\t\t\t\t\t<\/div>\n\t\t\t\t<\/div>\n\t\t\t\t<\/div>\n\t\t\t\t<\/div>\n\t\t<div class=\"elementor-element elementor-element-89df988 e-con-full e-flex e-con e-child\" data-id=\"89df988\" data-element_type=\"container\">\n\t\t<div class=\"elementor-element elementor-element-de3ac15 e-con-full e-flex e-con e-child\" data-id=\"de3ac15\" data-element_type=\"container\" data-settings=\"{&quot;background_background&quot;:&quot;classic&quot;}\">\n\t\t<div class=\"elementor-element elementor-element-b9454bd e-con-full cornice e-flex e-con e-child\" data-id=\"b9454bd\" data-element_type=\"container\" data-settings=\"{&quot;background_background&quot;:&quot;classic&quot;}\">\n\t\t\t\t<div class=\"elementor-element elementor-element-ac8a1d9 elementor-widget elementor-widget-heading\" data-id=\"ac8a1d9\" data-element_type=\"widget\" data-widget_type=\"heading.default\">\n\t\t\t\t\t<h2 class=\"elementor-heading-title elementor-size-default\">Summer<\/h2>\t\t\t\t<\/div>\n\t\t\t\t<div class=\"elementor-element elementor-element-efbc63f elementor-align-center elementor-widget elementor-widget-button\" data-id=\"efbc63f\" data-element_type=\"widget\" data-widget_type=\"button.default\">\n\t\t\t\t\t\t\t\t\t\t<a class=\"elementor-button elementor-button-link elementor-size-sm\" href=\"\/en\/estate-inverno\/?season=summer\">\n\t\t\t\t\t\t<span class=\"elementor-button-content-wrapper\">\n\t\t\t\t\t\t<span class=\"elementor-button-icon\">\n\t\t\t\t<svg xmlns=\"http:\/\/www.w3.org\/2000\/svg\" width=\"13.043\" height=\"12.209\" viewbox=\"0 0 13.043 12.209\"><g transform=\"translate(-7.25 21.154) rotate(-90)\"><g transform=\"translate(10 8)\"><path d=\"M24,19.543V8\" transform=\"translate(-18.95 -8)\" fill=\"none\" stroke=\"#fff\" stroke-linecap=\"round\" stroke-linejoin=\"round\" stroke-width=\"1.5\"><\/path><path d=\"M10,26l5.05,4.052L20.1,26\" transform=\"translate(-10 -18.509)\" fill=\"none\" stroke=\"#fff\" stroke-linecap=\"round\" stroke-linejoin=\"round\" stroke-width=\"1.5\"><\/path><\/g><\/g><\/svg>\t\t\t<\/span>\n\t\t\t\t\t\t\t\t\t<span class=\"elementor-button-text\">Discover more<\/span>\n\t\t\t\t\t<\/span>\n\t\t\t\t\t<\/a>\n\t\t\t\t\t\t\t\t<\/div>\n\t\t\t\t<\/div>\n\t\t\t\t<\/div>\n\t\t\t\t<\/div>\n\t\t\t\t<\/div>\n\t\t\t\t<\/div>","protected":false},"excerpt":{"rendered":"<p>Iscriviti a Hg traveller Richiedi un Preventivo Prenota ora hotel abetone &amp; piramidi resort Hotel abetone &amp; piramidi resort Inverno Scopri di pi\u00f9 Estate Scopri di pi\u00f9 Inverno Scopri di pi\u00f9 Estate Scopri di pi\u00f9<\/p>","protected":false},"author":1,"featured_media":0,"parent":0,"menu_order":0,"comment_status":"closed","ping_status":"closed","template":"elementor_canvas","meta":{"footnotes":""},"class_list":["post-2","page","type-page","status-publish","hentry"],"_links":{"self":[{"href":"https:\/\/hotelabetone.italianhotelgroup.it\/en\/wp-json\/wp\/v2\/pages\/2","targetHints":{"allow":["GET"]}}],"collection":[{"href":"https:\/\/hotelabetone.italianhotelgroup.it\/en\/wp-json\/wp\/v2\/pages"}],"about":[{"href":"https:\/\/hotelabetone.italianhotelgroup.it\/en\/wp-json\/wp\/v2\/types\/page"}],"author":[{"embeddable":true,"href":"https:\/\/hotelabetone.italianhotelgroup.it\/en\/wp-json\/wp\/v2\/users\/1"}],"replies":[{"embeddable":true,"href":"https:\/\/hotelabetone.italianhotelgroup.it\/en\/wp-json\/wp\/v2\/comments?post=2"}],"version-history":[{"count":1583,"href":"https:\/\/hotelabetone.italianhotelgroup.it\/en\/wp-json\/wp\/v2\/pages\/2\/revisions"}],"predecessor-version":[{"id":4926,"href":"https:\/\/hotelabetone.italianhotelgroup.it\/en\/wp-json\/wp\/v2\/pages\/2\/revisions\/4926"}],"wp:attachment":[{"href":"https:\/\/hotelabetone.italianhotelgroup.it\/en\/wp-json\/wp\/v2\/media?parent=2"}],"curies":[{"name":"wp","href":"https:\/\/api.w.org\/{rel}","templated":true}]}}